{"id":3,"date":"2019-03-26T19:10:32","date_gmt":"2019-03-26T18:10:32","guid":{"rendered":"http:\/\/kpln.fr\/mode-et-nature\/?page_id=3"},"modified":"2020-04-01T14:20:14","modified_gmt":"2020-04-01T12:20:14","slug":"politique-de-confidentialite","status":"publish","type":"page","link":"https:\/\/kpln.fr\/mode-et-nature\/index.php\/politique-de-confidentialite\/","title":{"rendered":"Politique de confidentialit\u00e9"},"content":{"rendered":"\n<h2>Qui sommes-nous&nbsp;?<\/h2>\n\n\n\n<p>L\u2019adresse de notre site Web est&nbsp;: http:\/\/kpln.fr\/mode-et-nature.<\/p>\n\n\n\n<h2>Utilisation des donn\u00e9es personnelles collect\u00e9es<\/h2>\n\n\n\n<h2>Mentions l\u00e9gales<\/h2>\n\n\n\n<h3>Intervenants<\/h3>\n\n\n\n<p>En vertu de l&rsquo;article 6 de la loi n\u00b0 2004-575 du 21 juin 2004 pour la confiance dans l&rsquo;\u00e9conomie num\u00e9rique, il est pr\u00e9cis\u00e9 aux utilisateurs du site www.kpln.fr l&rsquo;identit\u00e9 des diff\u00e9rents intervenants dans le cadre de sa r\u00e9alisation et de son suivi :&nbsp;<\/p>\n\n\n\n<p>Le propri\u00e9taire et\/ou \u00e9diteur est une personne morale.&nbsp;<\/p>\n\n\n\n<ul><li>Propri\u00e9taire et\/ou \u00e9diteur du site : KPLN<\/li><li>Statut : Soci\u00e9t\u00e9 \u00e0 responsabilit\u00e9 limit\u00e9e (Sarl) &#8211; RCS : Toulon 793934829<\/li><li>Si\u00e8ge social : 25 All\u00e9e le pascal 83110 Sanary-sur-mer<\/li><li>Courriel : contact@kpln.fr<\/li><li>T\u00e9l\u00e9phone : 0494071318<\/li><li>Directrice de la publication : Ma\u00eft\u00e9 Cappellen<\/li><li>Webmestre : www.kpln.fr<\/li><li>H\u00e9bergeur : PRESTASHOP&nbsp;<\/li><\/ul>\n\n\n\n<h3>Informations personnelles collect\u00e9es<\/h3>\n\n\n\n<p>La loi n\u00b0 78-87 du 6 janvier 1978, la loi n\u00b0 2004-801 du 6 ao\u00fbt 2004, l&rsquo;article L. 226-13 du Code p\u00e9nal et la Directive Europ\u00e9enne du 24 octobre 1995 prot\u00e8gent l&rsquo;ensemble des donn\u00e9es personnelles.<\/p>\n\n\n\n<p>A l&rsquo;occasion de l&rsquo;utilisation du site www.kpln.fr, et dans le cadre d&rsquo;inscription \u00e0 des acc\u00e8s sp\u00e9cifiques du site, sont notamment recueillies les donn\u00e9es suivantes :<\/p>\n\n\n\n<p>&#8211; Nom et pr\u00e9nom<\/p>\n\n\n\n<p>&#8211; T\u00e9l\u00e9phone<\/p>\n\n\n\n<p>&#8211; Adresse de facturation<\/p>\n\n\n\n<p>&#8211; Adresse de livraison<\/p>\n\n\n\n<p>&#8211; Adresse \u00e9lectronique<\/p>\n\n\n\n<p>En tout \u00e9tat de cause www.kpln.fr ne collecte des informations personnelles relatives aux donn\u00e9es bancaires qui sont trait\u00e9es directement par le service informatique de la banque. L&rsquo;utilisateur fournit ces informations en toute connaissance de cause, notamment lorsqu&rsquo;il proc\u00e8de par lui-m\u00eame \u00e0 leur saisie.<\/p>\n\n\n\n<p>Il est alors pr\u00e9cis\u00e9 \u00e0 l&rsquo;utilisateur du site www.kpln.fr le caract\u00e8re obligatoire ou non des informations qu&rsquo;il serait amen\u00e9 \u00e0 fournir.<\/p>\n\n\n\n<p>L&rsquo;utilisateur justifiant de son identit\u00e9 dispose de la possibilit\u00e9 de solliciter aupr\u00e8s de la soci\u00e9t\u00e9 KPLN, \u00e0 l&rsquo;adresse \u00e9lectronique contact@kpln.fr :&nbsp;<\/p>\n\n\n\n<p>&#8211; la v\u00e9rification des donn\u00e9es \u00e0 caract\u00e8re personnel le concernant ayant fait l&rsquo;objet d&rsquo;une collecte par la soci\u00e9t\u00e9 KPLN ou pour son compte ;<\/p>\n\n\n\n<p>&#8211; les informations ayant trait aux finalit\u00e9s de traitement de ces donn\u00e9es ;<\/p>\n\n\n\n<p>&#8211; les informations ayant trait \u00e0 l&rsquo;identit\u00e9 et au rattachement g\u00e9ographique des destinataires de ces donn\u00e9es ;<\/p>\n\n\n\n<p>&#8211; la communication d&rsquo;une copie de ces donn\u00e9es d\u00e9livr\u00e9e gratuitement, dans la mesure o\u00f9 une telle demande n&rsquo;est pas abusive, notamment par son caract\u00e8re r\u00e9p\u00e9titif et disproportionn\u00e9.<\/p>\n\n\n\n<p>Aucune information personnelle de l&rsquo;utilisateur du site www.kpln.fr n&rsquo;est :<\/p>\n\n\n\n<p>&#8211; collect\u00e9e \u00e0 l&rsquo;insu de l&rsquo;utilisateur ;<\/p>\n\n\n\n<p>&#8211; publi\u00e9e \u00e0 l&rsquo;insu de l&rsquo;utilisateur ;<\/p>\n\n\n\n<p>&#8211; \u00e9chang\u00e9e, transf\u00e9r\u00e9e, c\u00e9d\u00e9e ou vendue sur un support quelconque \u00e0 des tiers. Seule l&rsquo;hypoth\u00e8se du rachat de la soci\u00e9t\u00e9 KPLN et de ses droits permettrait la transmission des dites informations \u00e0 l&rsquo;\u00e9ventuel acqu\u00e9reur qui serait \u00e0 son tour tenu de la m\u00eame obligation de conservation et de modification des donn\u00e9es vis \u00e0 vis de l&rsquo;utilisateur du site www.kpln.fr.<\/p>\n\n\n\n<h3>Rectification des informations nominatives collect\u00e9es&nbsp;<\/h3>\n\n\n\n<p>Conform\u00e9ment aux dispositions de l&rsquo;article 34 de la loi n\u00b0 48-87 du 6 janvier 1978, l&rsquo;utilisateur dispose d&rsquo;un droit de modification des donn\u00e9es nominatives collect\u00e9es le concernant. Pour ce faire, l&rsquo;utilisateur envoie \u00e0 la soci\u00e9t\u00e9 KPLN :<\/p>\n\n\n\n<p>&#8211; un courrier \u00e9lectronique \u00e0 l&rsquo;adresse contact@kpln.fr ,<\/p>\n\n\n\n<p>&#8211; un courrier \u00e0 l&rsquo;adresse Sarl KPLN, Le Pascal C25, Route de la Gare, 83110 Sanary sur mer, France, en indiquant son nom ou sa raison sociale, ses coordonn\u00e9es physiques et\/ou \u00e9lectroniques, ainsi que le cas \u00e9ch\u00e9ant la r\u00e9f\u00e9rence dont il disposerait en tant que membre ou client du site www.kpln.fr.<\/p>\n\n\n\n<p>La modification interviendra dans des d\u00e9lais raisonnables \u00e0 compter de la r\u00e9ception de la demande de l&rsquo;utilisateur.<\/p>\n\n\n\n<h3>D\u00e9claration \u00e0 la CNIL :<\/h3>\n\n\n\n<p>Dans un souci des droits et des libert\u00e9s, le pr\u00e9sent site internet www.kpln.fr recueillant des informations \u00e0 caract\u00e8re personnel, fait l&rsquo;objet d&rsquo;un d\u00e9claration en cours aupr\u00e8s de la CNIL. Le num\u00e9ro d&rsquo;enregistrement est attente de retour.<\/p>\n\n\n\n<h3>Droits d&rsquo;auteur :<\/h3>\n\n\n\n<p>Le contenu du site www.kpln.fr, notamment les textes, pr\u00e9sentations, illustrations, photographies, arborescences et mises en forme sont, sauf documents publics et pr\u00e9cisions compl\u00e9mentaires, la propri\u00e9t\u00e9 intellectuelle exclusive de la soci\u00e9t\u00e9 KPLN ou de ses partenaires.<\/p>\n\n\n\n<p>A ce titre, leurs repr\u00e9sentations, reproductions, imbrications, diffusions et rediffusions, partielles ou totales, sont interdites conform\u00e9ment aux dispositions de l&rsquo;article L. 122-4 du Code de la propri\u00e9t\u00e9 intellectuelle. Toute personne y proc\u00e9dant sans pouvoir justifier d&rsquo;une autorisation pr\u00e9alable et expresse du d\u00e9tenteur de ces droits encourt les peines relatives au d\u00e9lit de contrefa\u00e7on pr\u00e9vues aux articles L. 335-2 et suivants du Code de la propri\u00e9t\u00e9 intellectuelle.<\/p>\n\n\n\n<p>En outre, les repr\u00e9sentations, reproductions, imbrications, diffusions et rediffusions, partielles ou totales, de la base de donn\u00e9es contenue dans le site www.kpln.fr sont interdites en vertu des dispositions de la loi n\u00b098-536 du 1er juillet 1998 relative \u00e0 la protection juridique des bases de donn\u00e9es.<\/p>\n\n\n\n<p>En tout \u00e9tat de cause, sur toute copie autoris\u00e9e de tout ou partie du contenu du site, devra figurer la mention \u00ab Copyright 2011 KPLN tous droits r\u00e9serv\u00e9s \u00bb.<\/p>\n","protected":false},"excerpt":{"rendered":"<p>Qui sommes-nous&nbsp;? L\u2019adresse de notre site Web est&nbsp;: http:\/\/kpln.fr\/mode-et-nature. Utilisation des donn\u00e9es personnelles collect\u00e9es Mentions l\u00e9gales Intervenants En vertu de l&rsquo;article 6 de la loi n\u00b0 2004-575 du 21 juin 2004 pour la confiance dans l&rsquo;\u00e9conomie num\u00e9rique, il est pr\u00e9cis\u00e9 aux utilisateurs du site www.kpln.fr l&rsquo;identit\u00e9 des diff\u00e9rents intervenants dans le cadre de sa r\u00e9alisation et de son suivi :&nbsp; Le propri\u00e9taire et\/ou \u00e9diteur est une personne morale.&nbsp; Propri\u00e9taire et\/ou \u00e9diteur du site : KPLN Statut : Soci\u00e9t\u00e9 \u00e0 responsabilit\u00e9 limit\u00e9e (Sarl) &#8211; RCS : Toulon 793934829 Si\u00e8ge social : 25 All\u00e9e le pascal 83110 Sanary-sur-mer Courriel : contact@kpln.fr T\u00e9l\u00e9phone : 0494071318 Directrice de la publication : Ma\u00eft\u00e9 Cappellen Webmestre : www.kpln.fr H\u00e9bergeur : PRESTASHOP&nbsp; Informations personnelles collect\u00e9es La loi n\u00b0 78-87 du 6 janvier 1978, la loi n\u00b0 2004-801 du 6 ao\u00fbt 2004, l&rsquo;article L. 226-13 du Code p\u00e9nal et la Directive Europ\u00e9enne du 24 octobre 1995 prot\u00e8gent l&rsquo;ensemble des donn\u00e9es personnelles. A l&rsquo;occasion de l&rsquo;utilisation du site www.kpln.fr, et dans le cadre d&rsquo;inscription \u00e0 des acc\u00e8s sp\u00e9cifiques du site, sont notamment recueillies les donn\u00e9es suivantes : &#8211; Nom et pr\u00e9nom &#8211; T\u00e9l\u00e9phone &#8211; Adresse de facturation &#8211; Adresse de livraison &#8211; Adresse \u00e9lectronique En tout \u00e9tat de cause www.kpln.fr ne collecte des informations personnelles relatives aux donn\u00e9es bancaires qui sont trait\u00e9es directement par le service informatique de la banque. L&rsquo;utilisateur fournit ces informations en toute connaissance de cause, notamment lorsqu&rsquo;il proc\u00e8de par lui-m\u00eame \u00e0 leur saisie. Il est alors pr\u00e9cis\u00e9 \u00e0 l&rsquo;utilisateur du site www.kpln.fr le caract\u00e8re obligatoire ou non des informations qu&rsquo;il serait amen\u00e9 \u00e0 fournir. L&rsquo;utilisateur justifiant de son identit\u00e9 dispose de la possibilit\u00e9 de solliciter aupr\u00e8s de la soci\u00e9t\u00e9 KPLN, \u00e0 l&rsquo;adresse \u00e9lectronique contact@kpln.fr :&nbsp; &#8211; la v\u00e9rification des donn\u00e9es \u00e0 caract\u00e8re personnel le concernant ayant fait l&rsquo;objet d&rsquo;une collecte par la soci\u00e9t\u00e9 KPLN ou pour son compte ; &#8211; les informations ayant trait aux finalit\u00e9s de traitement de ces donn\u00e9es ; &#8211; les informations ayant trait \u00e0 l&rsquo;identit\u00e9 et au rattachement g\u00e9ographique des destinataires de ces donn\u00e9es ; &#8211; la communication d&rsquo;une copie de ces donn\u00e9es d\u00e9livr\u00e9e gratuitement, dans la mesure o\u00f9 une telle demande n&rsquo;est pas abusive, notamment par son caract\u00e8re r\u00e9p\u00e9titif et disproportionn\u00e9. Aucune information personnelle de l&rsquo;utilisateur du site www.kpln.fr n&rsquo;est : &#8211; collect\u00e9e \u00e0 l&rsquo;insu de l&rsquo;utilisateur ; &#8211; publi\u00e9e \u00e0 l&rsquo;insu de l&rsquo;utilisateur ; &#8211; \u00e9chang\u00e9e, transf\u00e9r\u00e9e, c\u00e9d\u00e9e ou vendue sur un support quelconque \u00e0 des tiers. Seule l&rsquo;hypoth\u00e8se du rachat de la soci\u00e9t\u00e9 KPLN et de ses droits permettrait la transmission des dites informations \u00e0 l&rsquo;\u00e9ventuel acqu\u00e9reur qui serait \u00e0 son tour tenu de la m\u00eame obligation de conservation et de modification des donn\u00e9es vis \u00e0 vis de l&rsquo;utilisateur du site www.kpln.fr. Rectification des informations nominatives collect\u00e9es&nbsp; Conform\u00e9ment aux dispositions de l&rsquo;article 34 de la loi n\u00b0 48-87 du 6 janvier 1978, l&rsquo;utilisateur dispose d&rsquo;un droit de modification des donn\u00e9es nominatives collect\u00e9es le concernant. Pour ce faire, l&rsquo;utilisateur envoie \u00e0 la soci\u00e9t\u00e9 KPLN : &#8211; un courrier \u00e9lectronique \u00e0 l&rsquo;adresse contact@kpln.fr , &#8211; un courrier \u00e0 l&rsquo;adresse Sarl KPLN, Le Pascal C25, Route de la Gare, 83110 Sanary sur mer, France, en indiquant son nom ou sa raison sociale, ses coordonn\u00e9es physiques et\/ou \u00e9lectroniques, ainsi que le cas \u00e9ch\u00e9ant la r\u00e9f\u00e9rence dont il disposerait en tant que membre ou client du site www.kpln.fr. La modification interviendra dans des d\u00e9lais raisonnables \u00e0 compter de la r\u00e9ception de la demande de l&rsquo;utilisateur. D\u00e9claration \u00e0 la CNIL : Dans un souci des droits et des libert\u00e9s, le pr\u00e9sent site internet www.kpln.fr recueillant des informations \u00e0 caract\u00e8re personnel, fait l&rsquo;objet d&rsquo;un d\u00e9claration en cours aupr\u00e8s de la CNIL. Le num\u00e9ro d&rsquo;enregistrement est attente de retour. Droits d&rsquo;auteur : Le contenu du site www.kpln.fr, notamment les textes, pr\u00e9sentations, illustrations, photographies, arborescences et mises en forme sont, sauf documents publics et pr\u00e9cisions compl\u00e9mentaires, la propri\u00e9t\u00e9 intellectuelle exclusive de la soci\u00e9t\u00e9 KPLN ou de ses partenaires. A ce titre, leurs repr\u00e9sentations, reproductions, imbrications, diffusions et rediffusions, partielles ou totales, sont interdites conform\u00e9ment aux dispositions de l&rsquo;article L. 122-4 du Code de la propri\u00e9t\u00e9 intellectuelle. Toute personne y proc\u00e9dant sans pouvoir justifier d&rsquo;une autorisation pr\u00e9alable et expresse du d\u00e9tenteur de ces droits encourt les peines relatives au d\u00e9lit de contrefa\u00e7on pr\u00e9vues aux articles L. 335-2 et suivants du Code de la propri\u00e9t\u00e9 intellectuelle. En outre, les repr\u00e9sentations, reproductions, imbrications, diffusions et rediffusions, partielles ou totales, de la base de donn\u00e9es contenue dans le site www.kpln.fr sont interdites en vertu des dispositions de la loi n\u00b098-536 du 1er juillet 1998 relative \u00e0 la protection juridique des bases de donn\u00e9es. En tout \u00e9tat de cause, sur toute copie autoris\u00e9e de tout ou partie du contenu du site, devra figurer la mention \u00ab Copyright 2011 KPLN tous droits r\u00e9serv\u00e9s \u00bb.<\/p>\n","protected":false},"author":1,"featured_media":0,"parent":0,"menu_order":0,"comment_status":"closed","ping_status":"open","template":"","meta":{"_monsterinsights_skip_tracking":false,"_monsterinsights_sitenote_active":false,"_monsterinsights_sitenote_note":"","_monsterinsights_sitenote_category":0},"yoast_head":"<!-- This site is optimized with the Yoast SEO plugin v17.0 - https:\/\/yoast.com\/wordpress\/plugins\/seo\/ -->\n<title>Politique de confidentialit\u00e9 - KPLN<\/title>\n<meta name=\"description\" content=\"Article 6 loi n\u00b0 2004-575 21 juin 2004 confiance &#039;\u00e9conomie num\u00e9rique, pr\u00e9cis\u00e9 aux utilisateurs du site www.kpln.fr l&#039;identit\u00e9 des diff\u00e9rents intervenants\" \/>\n<meta name=\"robots\" content=\"index, follow, max-snippet:-1, max-image-preview:large, max-video-preview:-1\" \/>\n<link rel=\"canonical\" href=\"https:\/\/kpln.fr\/mode-et-nature\/index.php\/politique-de-confidentialite\/\" \/>\n<meta property=\"og:locale\" content=\"fr_FR\" \/>\n<meta property=\"og:type\" content=\"article\" \/>\n<meta property=\"og:title\" content=\"Politique de confidentialit\u00e9 - KPLN\" \/>\n<meta property=\"og:description\" content=\"Article 6 loi n\u00b0 2004-575 21 juin 2004 confiance &#039;\u00e9conomie num\u00e9rique, pr\u00e9cis\u00e9 aux utilisateurs du site www.kpln.fr l&#039;identit\u00e9 des diff\u00e9rents intervenants\" \/>\n<meta property=\"og:url\" content=\"https:\/\/kpln.fr\/mode-et-nature\/index.php\/politique-de-confidentialite\/\" \/>\n<meta property=\"og:site_name\" content=\"KPLN\" \/>\n<meta property=\"article:modified_time\" content=\"2020-04-01T12:20:14+00:00\" \/>\n<meta name=\"twitter:card\" content=\"summary_large_image\" \/>\n<meta name=\"twitter:label1\" content=\"Dur\u00e9e de lecture est.\" \/>\n\t<meta name=\"twitter:data1\" content=\"4 minutes\" \/>\n<script type=\"application\/ld+json\" class=\"yoast-schema-graph\">{\"@context\":\"https:\/\/schema.org\",\"@graph\":[{\"@type\":\"WebSite\",\"@id\":\"https:\/\/kpln.fr\/mode-et-nature\/#website\",\"url\":\"https:\/\/kpln.fr\/mode-et-nature\/\",\"name\":\"KPLN\",\"description\":\"Made in France\",\"potentialAction\":[{\"@type\":\"SearchAction\",\"target\":{\"@type\":\"EntryPoint\",\"urlTemplate\":\"https:\/\/kpln.fr\/mode-et-nature\/?s={search_term_string}\"},\"query-input\":\"required name=search_term_string\"}],\"inLanguage\":\"fr-FR\"},{\"@type\":\"WebPage\",\"@id\":\"https:\/\/kpln.fr\/mode-et-nature\/index.php\/politique-de-confidentialite\/#webpage\",\"url\":\"https:\/\/kpln.fr\/mode-et-nature\/index.php\/politique-de-confidentialite\/\",\"name\":\"Politique de confidentialit\\u00e9 - KPLN\",\"isPartOf\":{\"@id\":\"https:\/\/kpln.fr\/mode-et-nature\/#website\"},\"datePublished\":\"2019-03-26T18:10:32+00:00\",\"dateModified\":\"2020-04-01T12:20:14+00:00\",\"description\":\"Article 6 loi n\\u00b0 2004-575 21 juin 2004 confiance '\\u00e9conomie num\\u00e9rique, pr\\u00e9cis\\u00e9 aux utilisateurs du site www.kpln.fr l'identit\\u00e9 des diff\\u00e9rents intervenants\",\"breadcrumb\":{\"@id\":\"https:\/\/kpln.fr\/mode-et-nature\/index.php\/politique-de-confidentialite\/#breadcrumb\"},\"inLanguage\":\"fr-FR\",\"potentialAction\":[{\"@type\":\"ReadAction\",\"target\":[\"https:\/\/kpln.fr\/mode-et-nature\/index.php\/politique-de-confidentialite\/\"]}]},{\"@type\":\"BreadcrumbList\",\"@id\":\"https:\/\/kpln.fr\/mode-et-nature\/index.php\/politique-de-confidentialite\/#breadcrumb\",\"itemListElement\":[{\"@type\":\"ListItem\",\"position\":1,\"name\":\"Accueil\",\"item\":\"https:\/\/kpln.fr\/mode-et-nature\/\"},{\"@type\":\"ListItem\",\"position\":2,\"name\":\"Politique de confidentialit\\u00e9\"}]}]}<\/script>\n<!-- \/ Yoast SEO plugin. -->","yoast_head_json":{"title":"Politique de confidentialit\u00e9 - KPLN","description":"Article 6 loi n\u00b0 2004-575 21 juin 2004 confiance '\u00e9conomie num\u00e9rique, pr\u00e9cis\u00e9 aux utilisateurs du site www.kpln.fr l'identit\u00e9 des diff\u00e9rents intervenants","robots":{"index":"index","follow":"follow","max-snippet":"max-snippet:-1","max-image-preview":"max-image-preview:large","max-video-preview":"max-video-preview:-1"},"canonical":"https:\/\/kpln.fr\/mode-et-nature\/index.php\/politique-de-confidentialite\/","og_locale":"fr_FR","og_type":"article","og_title":"Politique de confidentialit\u00e9 - KPLN","og_description":"Article 6 loi n\u00b0 2004-575 21 juin 2004 confiance '\u00e9conomie num\u00e9rique, pr\u00e9cis\u00e9 aux utilisateurs du site www.kpln.fr l'identit\u00e9 des diff\u00e9rents intervenants","og_url":"https:\/\/kpln.fr\/mode-et-nature\/index.php\/politique-de-confidentialite\/","og_site_name":"KPLN","article_modified_time":"2020-04-01T12:20:14+00:00","twitter_card":"summary_large_image","twitter_misc":{"Dur\u00e9e de lecture est.":"4 minutes"},"schema":{"@context":"https:\/\/schema.org","@graph":[{"@type":"WebSite","@id":"https:\/\/kpln.fr\/mode-et-nature\/#website","url":"https:\/\/kpln.fr\/mode-et-nature\/","name":"KPLN","description":"Made in France","potentialAction":[{"@type":"SearchAction","target":{"@type":"EntryPoint","urlTemplate":"https:\/\/kpln.fr\/mode-et-nature\/?s={search_term_string}"},"query-input":"required name=search_term_string"}],"inLanguage":"fr-FR"},{"@type":"WebPage","@id":"https:\/\/kpln.fr\/mode-et-nature\/index.php\/politique-de-confidentialite\/#webpage","url":"https:\/\/kpln.fr\/mode-et-nature\/index.php\/politique-de-confidentialite\/","name":"Politique de confidentialit\u00e9 - KPLN","isPartOf":{"@id":"https:\/\/kpln.fr\/mode-et-nature\/#website"},"datePublished":"2019-03-26T18:10:32+00:00","dateModified":"2020-04-01T12:20:14+00:00","description":"Article 6 loi n\u00b0 2004-575 21 juin 2004 confiance '\u00e9conomie num\u00e9rique, pr\u00e9cis\u00e9 aux utilisateurs du site www.kpln.fr l'identit\u00e9 des diff\u00e9rents intervenants","breadcrumb":{"@id":"https:\/\/kpln.fr\/mode-et-nature\/index.php\/politique-de-confidentialite\/#breadcrumb"},"inLanguage":"fr-FR","potentialAction":[{"@type":"ReadAction","target":["https:\/\/kpln.fr\/mode-et-nature\/index.php\/politique-de-confidentialite\/"]}]},{"@type":"BreadcrumbList","@id":"https:\/\/kpln.fr\/mode-et-nature\/index.php\/politique-de-confidentialite\/#breadcrumb","itemListElement":[{"@type":"ListItem","position":1,"name":"Accueil","item":"https:\/\/kpln.fr\/mode-et-nature\/"},{"@type":"ListItem","position":2,"name":"Politique de confidentialit\u00e9"}]}]}},"_links":{"self":[{"href":"https:\/\/kpln.fr\/mode-et-nature\/index.php\/wp-json\/wp\/v2\/pages\/3"}],"collection":[{"href":"https:\/\/kpln.fr\/mode-et-nature\/index.php\/wp-json\/wp\/v2\/pages"}],"about":[{"href":"https:\/\/kpln.fr\/mode-et-nature\/index.php\/wp-json\/wp\/v2\/types\/page"}],"author":[{"embeddable":true,"href":"https:\/\/kpln.fr\/mode-et-nature\/index.php\/wp-json\/wp\/v2\/users\/1"}],"replies":[{"embeddable":true,"href":"https:\/\/kpln.fr\/mode-et-nature\/index.php\/wp-json\/wp\/v2\/comments?post=3"}],"version-history":[{"count":1,"href":"https:\/\/kpln.fr\/mode-et-nature\/index.php\/wp-json\/wp\/v2\/pages\/3\/revisions"}],"predecessor-version":[{"id":676,"href":"https:\/\/kpln.fr\/mode-et-nature\/index.php\/wp-json\/wp\/v2\/pages\/3\/revisions\/676"}],"wp:attachment":[{"href":"https:\/\/kpln.fr\/mode-et-nature\/index.php\/wp-json\/wp\/v2\/media?parent=3"}],"curies":[{"name":"wp","href":"https:\/\/api.w.org\/{rel}","templated":true}]}}