{"id":483,"date":"2019-04-24T00:29:38","date_gmt":"2019-04-23T22:29:38","guid":{"rendered":"http:\/\/kpln.fr\/mode-et-nature\/?page_id=483"},"modified":"2020-01-24T11:49:55","modified_gmt":"2020-01-24T10:49:55","slug":"plan-du-site","status":"publish","type":"page","link":"https:\/\/kpln.fr\/mode-et-nature\/index.php\/plan-du-site\/","title":{"rendered":"Plan du site"},"content":{"rendered":"\t\t<div data-elementor-type=\"wp-post\" data-elementor-id=\"483\" class=\"elementor elementor-483\" data-elementor-settings=\"[]\">\n\t\t\t\t\t\t<div class=\"elementor-inner\">\n\t\t\t\t\t\t\t<div class=\"elementor-section-wrap\">\n\t\t\t\t\t\t\t<section class=\"elementor-section elementor-top-section elementor-element elementor-element-9a90dda elementor-section-boxed elementor-section-height-default elementor-section-height-default\" data-id=\"9a90dda\" data-element_type=\"section\">\n\t\t\t\t\t\t<div class=\"elementor-container elementor-column-gap-default\">\n\t\t\t\t\t\t\t<div class=\"elementor-row\">\n\t\t\t\t\t<div class=\"elementor-column elementor-col-100 elementor-top-column elementor-element elementor-element-5616091\" data-id=\"5616091\" data-element_type=\"column\">\n\t\t\t<div class=\"elementor-column-wrap elementor-element-populated\">\n\t\t\t\t\t\t\t<div class=\"elementor-widget-wrap\">\n\t\t\t\t\t\t<div class=\"elementor-element elementor-element-c5854c1 elementor-widget elementor-widget-text-editor\" data-id=\"c5854c1\" data-element_type=\"widget\" data-widget_type=\"text-editor.default\">\n\t\t\t\t<div class=\"elementor-widget-container\">\n\t\t\t\t\t\t\t\t<div class=\"elementor-text-editor elementor-clearfix\">\n\t\t\t\t\t<ul><li><a href=\"http:\/\/kpln.fr\/mode-et-nature\/\">Accueil<\/a><\/li><li><a href=\"http:\/\/www.kpln.eu\/\">Boutique en ligne<\/a><ul><li><a href=\"http:\/\/kpln.fr\/mode-et-nature\/\">Tops<\/a><\/li><li><a href=\"http:\/\/kpln.fr\/mode-et-nature\/\">T-shirts<\/a><\/li><li><a href=\"http:\/\/kpln.fr\/mode-et-nature\/\">D\u00e9bardeurs<\/a><\/li><li><a href=\"http:\/\/kpln.fr\/mode-et-nature\/\">Chemisiers<\/a><\/li><li><a href=\"http:\/\/kpln.fr\/mode-et-nature\/\">Gilets<\/a><\/li><li><a href=\"http:\/\/kpln.fr\/mode-et-nature\/\">Robes<\/a><\/li><li><a href=\"http:\/\/kpln.fr\/mode-et-nature\/\">Jupes<\/a><\/li><li><a href=\"http:\/\/kpln.fr\/mode-et-nature\/\">Pantalons<\/a><\/li><li><a href=\"http:\/\/kpln.fr\/mode-et-nature\/\">Shorts<\/a><\/li><li><a href=\"http:\/\/kpln.fr\/mode-et-nature\/\">Sarouels<\/a><\/li><\/ul><\/li><li><a href=\"http:\/\/kpln.fr\/mode-et-nature\/index.php\/accueil\/\">La marque<\/a><ul><li><a href=\"http:\/\/kpln.fr\/mode-et-nature\/index.php\/accueil\/\">L&rsquo;Univers de la marque<\/a><\/li><li><a href=\"http:\/\/kpln.fr\/mode-et-nature\/index.php\/accueil\/\">Nos tissus v\u00e9g\u00e9taux<\/a><\/li><li><a href=\"http:\/\/kpln.fr\/mode-et-nature\/index.php\/accueil\/\">Nos colorants naturels<\/a><\/li><li><a href=\"http:\/\/kpln.fr\/mode-et-nature\/index.php\/accueil\/\">Nos engagements<\/a><\/li><\/ul><\/li><li><a href=\"http:\/\/kpln.fr\/mode-et-nature\/index.php\/actualites\/\">Actualit\u00e9s<\/a><ul><li><a href=\"http:\/\/kpln.fr\/mode-et-nature\/index.php\/actualites\/\">Presse<\/a><\/li><li><a href=\"http:\/\/kpln.fr\/mode-et-nature\/index.php\/actualites\/\">\u00c9venements<\/a><\/li><li><a href=\"http:\/\/kpln.fr\/mode-et-nature\/index.php\/actualites\/\">Ils parlent de nous<\/a><\/li><\/ul><\/li><li><a href=\"http:\/\/kpln.fr\/mode-et-nature\/index.php\/my-account\/\">Mon compte<\/a><ul><li><a href=\"http:\/\/kpln.fr\/mode-et-nature\/index.php\/registration\/\">S&rsquo;inscrire<\/a><\/li><\/ul><\/li><li>Conditions de vente<ul><li><a href=\"http:\/\/www.kpln.eu\/PBCPPlayer.asp?ID=867720\">Mentions l\u00e9gales<\/a><\/li><li><a href=\"http:\/\/www.kpln.eu\/PBCPPlayer.asp?ID=836548\">Conditions g\u00e9n\u00e9rales de vente<\/a><\/li><\/ul><\/li><li><a href=\"http:\/\/kpln.fr\/mode-et-nature\/index.php\/contact\/\">Contact<\/a><ul><li><a href=\"http:\/\/kpln.fr\/mode-et-nature\/\">Inscription \u00e0 la newsletter<\/a><\/li><\/ul><\/li><\/ul>\t\t\t\t\t<\/div>\n\t\t\t\t\t\t<\/div>\n\t\t\t\t<\/div>\n\t\t\t\t\t\t<\/div>\n\t\t\t\t\t<\/div>\n\t\t<\/div>\n\t\t\t\t\t\t\t\t<\/div>\n\t\t\t\t\t<\/div>\n\t\t<\/section>\n\t\t\t\t\t\t<\/div>\n\t\t\t\t\t\t<\/div>\n\t\t\t\t\t<\/div>\n\t\t","protected":false},"excerpt":{"rendered":"<p>Accueil Boutique en ligne Tops T-shirts D\u00e9bardeurs Chemisiers Gilets Robes Jupes Pantalons Shorts Sarouels La marque L&rsquo;Univers de la marque Nos tissus v\u00e9g\u00e9taux Nos colorants naturels Nos engagements Actualit\u00e9s Presse \u00c9venements Ils parlent de nous Mon compte S&rsquo;inscrire Conditions de vente Mentions l\u00e9gales Conditions g\u00e9n\u00e9rales de vente Contact Inscription \u00e0 la newsletter<\/p>\n","protected":false},"author":2,"featured_media":0,"parent":0,"menu_order":0,"comment_status":"closed","ping_status":"closed","template":"","meta":{"_monsterinsights_skip_tracking":false,"_monsterinsights_sitenote_active":false,"_monsterinsights_sitenote_note":"","_monsterinsights_sitenote_category":0},"yoast_head":"<!-- This site is optimized with the Yoast SEO plugin v17.0 - https:\/\/yoast.com\/wordpress\/plugins\/seo\/ -->\n<title>Plan du site - KPLN<\/title>\n<meta name=\"robots\" content=\"index, follow, max-snippet:-1, max-image-preview:large, max-video-preview:-1\" \/>\n<link rel=\"canonical\" href=\"https:\/\/kpln.fr\/mode-et-nature\/index.php\/plan-du-site\/\" \/>\n<meta property=\"og:locale\" content=\"fr_FR\" \/>\n<meta property=\"og:type\" content=\"article\" \/>\n<meta property=\"og:title\" content=\"Plan du site - KPLN\" \/>\n<meta property=\"og:description\" content=\"Accueil Boutique en ligne Tops T-shirts D\u00e9bardeurs Chemisiers Gilets Robes Jupes Pantalons Shorts Sarouels La marque L&rsquo;Univers de la marque Nos tissus v\u00e9g\u00e9taux Nos colorants naturels Nos engagements Actualit\u00e9s Presse \u00c9venements Ils parlent de nous Mon compte S&rsquo;inscrire Conditions de vente Mentions l\u00e9gales Conditions g\u00e9n\u00e9rales de vente Contact Inscription \u00e0 la newsletter\" \/>\n<meta property=\"og:url\" content=\"https:\/\/kpln.fr\/mode-et-nature\/index.php\/plan-du-site\/\" \/>\n<meta property=\"og:site_name\" content=\"KPLN\" \/>\n<meta property=\"article:modified_time\" content=\"2020-01-24T10:49:55+00:00\" \/>\n<meta name=\"twitter:card\" content=\"summary_large_image\" \/>\n<script type=\"application\/ld+json\" class=\"yoast-schema-graph\">{\"@context\":\"https:\/\/schema.org\",\"@graph\":[{\"@type\":\"WebSite\",\"@id\":\"https:\/\/kpln.fr\/mode-et-nature\/#website\",\"url\":\"https:\/\/kpln.fr\/mode-et-nature\/\",\"name\":\"KPLN\",\"description\":\"Made in France\",\"potentialAction\":[{\"@type\":\"SearchAction\",\"target\":{\"@type\":\"EntryPoint\",\"urlTemplate\":\"https:\/\/kpln.fr\/mode-et-nature\/?s={search_term_string}\"},\"query-input\":\"required name=search_term_string\"}],\"inLanguage\":\"fr-FR\"},{\"@type\":\"WebPage\",\"@id\":\"https:\/\/kpln.fr\/mode-et-nature\/index.php\/plan-du-site\/#webpage\",\"url\":\"https:\/\/kpln.fr\/mode-et-nature\/index.php\/plan-du-site\/\",\"name\":\"Plan du site - KPLN\",\"isPartOf\":{\"@id\":\"https:\/\/kpln.fr\/mode-et-nature\/#website\"},\"datePublished\":\"2019-04-23T22:29:38+00:00\",\"dateModified\":\"2020-01-24T10:49:55+00:00\",\"breadcrumb\":{\"@id\":\"https:\/\/kpln.fr\/mode-et-nature\/index.php\/plan-du-site\/#breadcrumb\"},\"inLanguage\":\"fr-FR\",\"potentialAction\":[{\"@type\":\"ReadAction\",\"target\":[\"https:\/\/kpln.fr\/mode-et-nature\/index.php\/plan-du-site\/\"]}]},{\"@type\":\"BreadcrumbList\",\"@id\":\"https:\/\/kpln.fr\/mode-et-nature\/index.php\/plan-du-site\/#breadcrumb\",\"itemListElement\":[{\"@type\":\"ListItem\",\"position\":1,\"name\":\"Accueil\",\"item\":\"https:\/\/kpln.fr\/mode-et-nature\/\"},{\"@type\":\"ListItem\",\"position\":2,\"name\":\"Plan du site\"}]}]}<\/script>\n<!-- \/ Yoast SEO plugin. -->","yoast_head_json":{"title":"Plan du site - KPLN","robots":{"index":"index","follow":"follow","max-snippet":"max-snippet:-1","max-image-preview":"max-image-preview:large","max-video-preview":"max-video-preview:-1"},"canonical":"https:\/\/kpln.fr\/mode-et-nature\/index.php\/plan-du-site\/","og_locale":"fr_FR","og_type":"article","og_title":"Plan du site - KPLN","og_description":"Accueil Boutique en ligne Tops T-shirts D\u00e9bardeurs Chemisiers Gilets Robes Jupes Pantalons Shorts Sarouels La marque L&rsquo;Univers de la marque Nos tissus v\u00e9g\u00e9taux Nos colorants naturels Nos engagements Actualit\u00e9s Presse \u00c9venements Ils parlent de nous Mon compte S&rsquo;inscrire Conditions de vente Mentions l\u00e9gales Conditions g\u00e9n\u00e9rales de vente Contact Inscription \u00e0 la newsletter","og_url":"https:\/\/kpln.fr\/mode-et-nature\/index.php\/plan-du-site\/","og_site_name":"KPLN","article_modified_time":"2020-01-24T10:49:55+00:00","twitter_card":"summary_large_image","schema":{"@context":"https:\/\/schema.org","@graph":[{"@type":"WebSite","@id":"https:\/\/kpln.fr\/mode-et-nature\/#website","url":"https:\/\/kpln.fr\/mode-et-nature\/","name":"KPLN","description":"Made in France","potentialAction":[{"@type":"SearchAction","target":{"@type":"EntryPoint","urlTemplate":"https:\/\/kpln.fr\/mode-et-nature\/?s={search_term_string}"},"query-input":"required name=search_term_string"}],"inLanguage":"fr-FR"},{"@type":"WebPage","@id":"https:\/\/kpln.fr\/mode-et-nature\/index.php\/plan-du-site\/#webpage","url":"https:\/\/kpln.fr\/mode-et-nature\/index.php\/plan-du-site\/","name":"Plan du site - KPLN","isPartOf":{"@id":"https:\/\/kpln.fr\/mode-et-nature\/#website"},"datePublished":"2019-04-23T22:29:38+00:00","dateModified":"2020-01-24T10:49:55+00:00","breadcrumb":{"@id":"https:\/\/kpln.fr\/mode-et-nature\/index.php\/plan-du-site\/#breadcrumb"},"inLanguage":"fr-FR","potentialAction":[{"@type":"ReadAction","target":["https:\/\/kpln.fr\/mode-et-nature\/index.php\/plan-du-site\/"]}]},{"@type":"BreadcrumbList","@id":"https:\/\/kpln.fr\/mode-et-nature\/index.php\/plan-du-site\/#breadcrumb","itemListElement":[{"@type":"ListItem","position":1,"name":"Accueil","item":"https:\/\/kpln.fr\/mode-et-nature\/"},{"@type":"ListItem","position":2,"name":"Plan du site"}]}]}},"_links":{"self":[{"href":"https:\/\/kpln.fr\/mode-et-nature\/index.php\/wp-json\/wp\/v2\/pages\/483"}],"collection":[{"href":"https:\/\/kpln.fr\/mode-et-nature\/index.php\/wp-json\/wp\/v2\/pages"}],"about":[{"href":"https:\/\/kpln.fr\/mode-et-nature\/index.php\/wp-json\/wp\/v2\/types\/page"}],"author":[{"embeddable":true,"href":"https:\/\/kpln.fr\/mode-et-nature\/index.php\/wp-json\/wp\/v2\/users\/2"}],"replies":[{"embeddable":true,"href":"https:\/\/kpln.fr\/mode-et-nature\/index.php\/wp-json\/wp\/v2\/comments?post=483"}],"version-history":[{"count":8,"href":"https:\/\/kpln.fr\/mode-et-nature\/index.php\/wp-json\/wp\/v2\/pages\/483\/revisions"}],"predecessor-version":[{"id":667,"href":"https:\/\/kpln.fr\/mode-et-nature\/index.php\/wp-json\/wp\/v2\/pages\/483\/revisions\/667"}],"wp:attachment":[{"href":"https:\/\/kpln.fr\/mode-et-nature\/index.php\/wp-json\/wp\/v2\/media?parent=483"}],"curies":[{"name":"wp","href":"https:\/\/api.w.org\/{rel}","templated":true}]}}