{"id":678,"date":"2020-02-17T15:20:39","date_gmt":"2020-02-17T14:20:39","guid":{"rendered":"https:\/\/kpln.fr\/mode-et-nature\/?page_id=678"},"modified":"2020-04-01T17:35:33","modified_gmt":"2020-04-01T15:35:33","slug":"je-minscris","status":"publish","type":"page","link":"https:\/\/kpln.fr\/mode-et-nature\/index.php\/je-minscris\/","title":{"rendered":"Formulaire d&rsquo;inscription professionnel"},"content":{"rendered":"\n<h2>Pour toute demande d&rsquo;achat professionel<\/h2>\n\n\n\n<p>Inscription obligatoire pour toute demande de renseignements, consulter le <a href=\"https:\/\/kpln.fr\/catalogue\/sans-achat\/\">catalogue de nos articles en ligne<\/a>, les tarifs professionnels et passer votre commande.  Renseignements obligatoires \u00e0 fournir : vos coordonn\u00e9es (Nom, adresse, mail&#8230;)<\/p>\n\n\n\n<p><em>Les renseignements avec un ast\u00e9risque(*) sont indispensables \u00e0 la cr\u00e9ation du compte.\u00a0Documents \u00e0 envoyer<strong> imp\u00e9rativement<\/strong> pour valider l\u2019ouverture de votre compte et vous permettre d\u2019acheter en ligne\u00a0: photocopies Kbis et RIB bancaire. (format word, PDF, Jpeg).<\/em><\/p>\n\n\n<div role=\"form\" class=\"wpcf7\" id=\"wpcf7-f800-o1\" lang=\"fr-FR\" dir=\"ltr\">\n<div class=\"screen-reader-response\"><p role=\"status\" aria-live=\"polite\" aria-atomic=\"true\"><\/p> <ul><\/ul><\/div>\n<form action=\"\/mode-et-nature\/index.php\/wp-json\/wp\/v2\/pages\/678#wpcf7-f800-o1\" method=\"post\" class=\"wpcf7-form init\" enctype=\"multipart\/form-data\" novalidate=\"novalidate\" data-status=\"init\">\n<div style=\"display: none;\">\n<input type=\"hidden\" name=\"_wpcf7\" value=\"800\" \/>\n<input type=\"hidden\" name=\"_wpcf7_version\" value=\"5.4.2\" \/>\n<input type=\"hidden\" name=\"_wpcf7_locale\" value=\"fr_FR\" \/>\n<input type=\"hidden\" name=\"_wpcf7_unit_tag\" value=\"wpcf7-f800-o1\" \/>\n<input type=\"hidden\" name=\"_wpcf7_container_post\" value=\"0\" \/>\n<input type=\"hidden\" name=\"_wpcf7_posted_data_hash\" value=\"\" \/>\n<\/div>\n<h2>Identification<\/h2>\n<p><label><b> Enseigne magasin*<\/b><br \/>\n    <span class=\"wpcf7-form-control-wrap your-shop\"><input type=\"text\" name=\"your-shop\" value=\"\" size=\"40\" class=\"wpcf7-form-control wpcf7-text wpcf7-validates-as-required\" aria-required=\"true\" aria-invalid=\"false\" \/><\/span> <\/label><\/p>\n<p><label>Raison sociale<br \/>\n    <span class=\"wpcf7-form-control-wrap your-statut\"><input type=\"text\" name=\"your-statut\" value=\"\" size=\"40\" class=\"wpcf7-form-control wpcf7-text\" aria-invalid=\"false\" \/><\/span> <\/label><\/p>\n<p><label>N\u00b0 Siret<br \/>\n    <span class=\"wpcf7-form-control-wrap number-siret\"><input type=\"text\" name=\"number-siret\" value=\"\" size=\"40\" class=\"wpcf7-form-control wpcf7-text\" aria-invalid=\"false\" \/><\/span><\/label><\/p>\n<p><label><b> N\u00b0 Intracommunautaire*<\/b><br \/>\n    <span class=\"wpcf7-form-control-wrap number-intracommunautaire\"><input type=\"text\" name=\"number-intracommunautaire\" value=\"\" size=\"40\" class=\"wpcf7-form-control wpcf7-text wpcf7-validates-as-required\" aria-required=\"true\" aria-invalid=\"false\" \/><\/span> <\/label><\/p>\n<p><label>Adresse<br \/>\n    <span class=\"wpcf7-form-control-wrap adress\"><input type=\"text\" name=\"adress\" value=\"\" size=\"40\" class=\"wpcf7-form-control wpcf7-text\" aria-invalid=\"false\" \/><\/span> <\/label><\/p>\n<p><label>Code postale et Ville<br \/>\n    <span class=\"wpcf7-form-control-wrap city\"><input type=\"text\" name=\"city\" value=\"\" size=\"40\" class=\"wpcf7-form-control wpcf7-text\" aria-invalid=\"false\" \/><\/span><\/label><\/p>\n<h2>Coordonn\u00e9es<\/h2>\n<p><label><b> Responsable*<\/b><br \/>\n    <span class=\"wpcf7-form-control-wrap responsable\"><input type=\"text\" name=\"responsable\" value=\"\" size=\"40\" class=\"wpcf7-form-control wpcf7-text wpcf7-validates-as-required\" aria-required=\"true\" aria-invalid=\"false\" \/><\/span> <\/label><\/p>\n<p><label>Nom et pr\u00e9nom<br \/>\n    <span class=\"wpcf7-form-control-wrap name-prenom\"><input type=\"text\" name=\"name-prenom\" value=\"\" size=\"40\" class=\"wpcf7-form-control wpcf7-text\" aria-invalid=\"false\" \/><\/span><\/label><\/p>\n<p><label><b>T\u00e9l\u00e9phone*<\/b><br \/>\n    <span class=\"wpcf7-form-control-wrap main-phone\"><input type=\"tel\" name=\"main-phone\" value=\"\" size=\"40\" class=\"wpcf7-form-control wpcf7-text wpcf7-tel wpcf7-validates-as-required wpcf7-validates-as-tel\" aria-required=\"true\" aria-invalid=\"false\" \/><\/span> <\/label><\/p>\n<p><label>Fax<br \/>\n    <span class=\"wpcf7-form-control-wrap main-fax\"><input type=\"tel\" name=\"main-fax\" value=\"\" size=\"40\" class=\"wpcf7-form-control wpcf7-text wpcf7-tel wpcf7-validates-as-tel\" aria-invalid=\"false\" \/><\/span><\/label><\/p>\n<p><label><b>Votre mail*<\/b><br \/>\n    <span class=\"wpcf7-form-control-wrap your-email\"><input type=\"email\" name=\"your-email\" value=\"\" size=\"40\" class=\"wpcf7-form-control wpcf7-text wpcf7-email wpcf7-validates-as-required wpcf7-validates-as-email\" aria-required=\"true\" aria-invalid=\"false\" \/><\/span><\/label><\/p>\n<h3>Livraison<\/h3>\n<p><a>Si diff\u00e9rente de l'adresse de facturation<\/a><\/p>\n<p><label>Adresse de livraison<br \/>\n    <span class=\"wpcf7-form-control-wrap adress-delivery\"><input type=\"text\" name=\"adress-delivery\" value=\"\" size=\"40\" class=\"wpcf7-form-control wpcf7-text\" aria-invalid=\"false\" \/><\/span> <\/label><\/p>\n<p><label>Code postale et Ville<br \/>\n    <span class=\"wpcf7-form-control-wrap city-delivery\"><input type=\"text\" name=\"city-delivery\" value=\"\" size=\"40\" class=\"wpcf7-form-control wpcf7-text\" aria-invalid=\"false\" \/><\/span> <\/label><\/p>\n<p><label>T\u00e9l\u00e9phone<br \/>\n    <span class=\"wpcf7-form-control-wrap phone-delivery\"><input type=\"tel\" name=\"phone-delivery\" value=\"\" size=\"40\" class=\"wpcf7-form-control wpcf7-text wpcf7-tel wpcf7-validates-as-tel\" aria-invalid=\"false\" \/><\/span> <\/label><\/p>\n<p><label>Fax<br \/>\n    <span class=\"wpcf7-form-control-wrap fax-delivery\"><input type=\"tel\" name=\"fax-delivery\" value=\"\" size=\"40\" class=\"wpcf7-form-control wpcf7-text wpcf7-tel wpcf7-validates-as-tel\" aria-invalid=\"false\" \/><\/span> <\/label><\/p>\n<p><label>Mail<br \/>\n    <span class=\"wpcf7-form-control-wrap your-email-delivery\"><input type=\"email\" name=\"your-email-delivery\" value=\"\" size=\"40\" class=\"wpcf7-form-control wpcf7-text wpcf7-email wpcf7-validates-as-email\" aria-invalid=\"false\" \/><\/span><\/label><\/p>\n<h2>Coordonn\u00e9es bancaires<\/h2>\n<p><label><b>Domiciliation*<\/b><br \/>\n    <span class=\"wpcf7-form-control-wrap domiciliation\"><input type=\"text\" name=\"domiciliation\" value=\"\" size=\"40\" class=\"wpcf7-form-control wpcf7-text wpcf7-validates-as-required\" aria-required=\"true\" aria-invalid=\"false\" \/><\/span> <\/label><\/p>\n<h5>Titulaire du compte<\/h5>\n<p><label>Code banque<br \/>\n    <span class=\"wpcf7-form-control-wrap code-banque\"><input type=\"text\" name=\"code-banque\" value=\"\" size=\"40\" class=\"wpcf7-form-control wpcf7-text\" aria-invalid=\"false\" \/><\/span><\/label><\/p>\n<p><label>Code guichet<br \/>\n    <span class=\"wpcf7-form-control-wrap code-guichet\"><input type=\"text\" name=\"code-guichet\" value=\"\" size=\"40\" class=\"wpcf7-form-control wpcf7-text\" aria-invalid=\"false\" \/><\/span><\/label><\/p>\n<p><label>N\u00b0 de compte<br \/>\n    <span class=\"wpcf7-form-control-wrap numero-compte\"><input type=\"text\" name=\"numero-compte\" value=\"\" size=\"40\" class=\"wpcf7-form-control wpcf7-text\" aria-invalid=\"false\" \/><\/span><\/label><\/p>\n<p><label>Cl\u00e9 RIB<br \/>\n    <span class=\"wpcf7-form-control-wrap rib-key\"><input type=\"text\" name=\"rib-key\" value=\"\" size=\"40\" class=\"wpcf7-form-control wpcf7-text\" aria-invalid=\"false\" \/><\/span><\/label><\/p>\n<p><label><b>IBAN BIC*<\/b><br \/>\n    <span class=\"wpcf7-form-control-wrap iban\"><input type=\"text\" name=\"iban\" value=\"\" size=\"40\" class=\"wpcf7-form-control wpcf7-text wpcf7-validates-as-required\" aria-required=\"true\" aria-invalid=\"false\" \/><\/span> <\/label><\/p>\n<p><label><b>Photocopie Kbis et RIB bancaire*<\/b><br \/>\n<span class=\"wpcf7-form-control-wrap file-rib\"><input type=\"file\" name=\"file-rib\" size=\"40\" class=\"wpcf7-form-control wpcf7-file wpcf7-validates-as-required\" accept=\".pdf,.jpeg,.png,.word\" aria-required=\"true\" aria-invalid=\"false\" \/><\/span><\/label><\/p>\n<p><label>Veuillez renseigner le code de r\u00e9duction en vigueur<br \/>\n    <span class=\"wpcf7-form-control-wrap code\"><input type=\"text\" name=\"code\" value=\"\" size=\"40\" class=\"wpcf7-form-control wpcf7-text\" aria-invalid=\"false\" \/><\/span><\/label><\/p>\n<p><label><span class=\"wpcf7-form-control-wrap acceptance-362\"><span class=\"wpcf7-form-control wpcf7-acceptance optional\"><span class=\"wpcf7-list-item\"><input type=\"checkbox\" name=\"acceptance-362\" value=\"1\" aria-invalid=\"false\" \/><\/span><\/span><\/span>   Accepter vous de recevoir les offres de nos partenaires ?<br \/>\n<\/label><\/p>\n<p><label><span class=\"wpcf7-form-control-wrap acceptance-363\"><span class=\"wpcf7-form-control wpcf7-acceptance optional\"><span class=\"wpcf7-list-item\"><input type=\"checkbox\" name=\"acceptance-363\" value=\"1\" aria-invalid=\"false\" \/><\/span><\/span><\/span>   Recevoir notre newsletter pour suivre nos activit\u00e9s<br \/>\n<\/label><\/p>\n<p><input type=\"submit\" value=\"Envoyer votre formulaire d&#039;entreprise\" class=\"wpcf7-form-control wpcf7-submit\" \/><\/p>\n<input\n                    class=\"apbct_special_field apbct_email_id__wp_contact_form_7\"\n                    name=\"apbct__email_id__wp_contact_form_7\"\n                    aria-label=\"apbct__label_id__wp_contact_form_7\"\n                    type=\"text\" size=\"30\" maxlength=\"200\" autocomplete=\"off\"\n                    value=\"\"\n                \/><div class=\"wpcf7-response-output\" aria-hidden=\"true\"><\/div><\/form><\/div>\n\n\n\n<p>Nous validerons vos informations sous un d\u00e9lai de 48h, en attendant n&rsquo;h\u00e9sitez pas \u00e0 jeter un coup d&rsquo;\u0153il sur <a href=\"http:\/\/kpln.fr\/catalogue\/sans-achat\">notre collection.<\/a><\/p>\n\n\n\n<p>En cliquant sur Envoyer le formulaire d&rsquo;entreprise, vous acceptez notre <a href=\"https:\/\/kpln.fr\/mode-et-nature\/index.php\/politique-de-confidentialite\/\">politique de confidentialit\u00e9<\/a> applicable au traitement de vos donn\u00e9es personnelles.<\/p>\n\n\n\n<p style=\"color:#a5b07d;text-align:center\" class=\"has-text-color\"><p style=\"color:#a5b07d\" class=\"has-text-color has-text-align-center\"><em>Vous avez d\u00e9j\u00e0 un compte ? <\/em> <em><a href=\"https:\/\/kpln.fr\/catalogue\/professionnel\/connexion?back=my-account\"><strong>Connectez-vous<\/strong><\/a><\/em><\/p><\/p>\n","protected":false},"excerpt":{"rendered":"<p>Pour toute demande d&rsquo;achat professionel Inscription obligatoire pour toute demande de renseignements, consulter le catalogue de nos articles en ligne, les tarifs professionnels et passer votre commande. Renseignements obligatoires \u00e0 fournir : vos coordonn\u00e9es (Nom, adresse, mail&#8230;) Les renseignements avec un ast\u00e9risque(*) sont indispensables \u00e0 la cr\u00e9ation du compte.\u00a0Documents \u00e0 envoyer imp\u00e9rativement pour valider l\u2019ouverture de votre compte et vous permettre d\u2019acheter en ligne\u00a0: photocopies Kbis et RIB bancaire. (format word, PDF, Jpeg). Nous validerons vos informations sous un d\u00e9lai de 48h, en attendant n&rsquo;h\u00e9sitez pas \u00e0 jeter un coup d&rsquo;\u0153il sur notre collection. En cliquant sur Envoyer le formulaire d&rsquo;entreprise, vous acceptez notre politique de confidentialit\u00e9 applicable au traitement de vos donn\u00e9es personnelles. Vous avez d\u00e9j\u00e0 un compte ? Connectez-vous<\/p>\n","protected":false},"author":1,"featured_media":0,"parent":0,"menu_order":0,"comment_status":"closed","ping_status":"closed","template":"","meta":{"_monsterinsights_skip_tracking":false,"_monsterinsights_sitenote_active":false,"_monsterinsights_sitenote_note":"","_monsterinsights_sitenote_category":0},"yoast_head":"<!-- This site is optimized with the Yoast SEO plugin v17.0 - https:\/\/yoast.com\/wordpress\/plugins\/seo\/ -->\n<title>Formulaire d&#039;inscription professionnel - KPLN<\/title>\n<meta name=\"robots\" content=\"index, follow, max-snippet:-1, max-image-preview:large, max-video-preview:-1\" \/>\n<link rel=\"canonical\" href=\"https:\/\/kpln.fr\/mode-et-nature\/index.php\/je-minscris\/\" \/>\n<meta property=\"og:locale\" content=\"fr_FR\" \/>\n<meta property=\"og:type\" content=\"article\" \/>\n<meta property=\"og:title\" content=\"Formulaire d&#039;inscription professionnel - KPLN\" \/>\n<meta property=\"og:description\" content=\"Pour toute demande d&rsquo;achat professionel Inscription obligatoire pour toute demande de renseignements, consulter le catalogue de nos articles en ligne, les tarifs professionnels et passer votre commande. Renseignements obligatoires \u00e0 fournir : vos coordonn\u00e9es (Nom, adresse, mail&#8230;) Les renseignements avec un ast\u00e9risque(*) sont indispensables \u00e0 la cr\u00e9ation du compte.\u00a0Documents \u00e0 envoyer imp\u00e9rativement pour valider l\u2019ouverture de votre compte et vous permettre d\u2019acheter en ligne\u00a0: photocopies Kbis et RIB bancaire. (format word, PDF, Jpeg). Nous validerons vos informations sous un d\u00e9lai de 48h, en attendant n&rsquo;h\u00e9sitez pas \u00e0 jeter un coup d&rsquo;\u0153il sur notre collection. En cliquant sur Envoyer le formulaire d&rsquo;entreprise, vous acceptez notre politique de confidentialit\u00e9 applicable au traitement de vos donn\u00e9es personnelles. Vous avez d\u00e9j\u00e0 un compte ? Connectez-vous\" \/>\n<meta property=\"og:url\" content=\"https:\/\/kpln.fr\/mode-et-nature\/index.php\/je-minscris\/\" \/>\n<meta property=\"og:site_name\" content=\"KPLN\" \/>\n<meta property=\"article:modified_time\" content=\"2020-04-01T15:35:33+00:00\" \/>\n<meta name=\"twitter:card\" content=\"summary_large_image\" \/>\n<meta name=\"twitter:label1\" content=\"Dur\u00e9e de lecture est.\" \/>\n\t<meta name=\"twitter:data1\" content=\"1 minute\" \/>\n<script type=\"application\/ld+json\" class=\"yoast-schema-graph\">{\"@context\":\"https:\/\/schema.org\",\"@graph\":[{\"@type\":\"WebSite\",\"@id\":\"https:\/\/kpln.fr\/mode-et-nature\/#website\",\"url\":\"https:\/\/kpln.fr\/mode-et-nature\/\",\"name\":\"KPLN\",\"description\":\"Made in France\",\"potentialAction\":[{\"@type\":\"SearchAction\",\"target\":{\"@type\":\"EntryPoint\",\"urlTemplate\":\"https:\/\/kpln.fr\/mode-et-nature\/?s={search_term_string}\"},\"query-input\":\"required name=search_term_string\"}],\"inLanguage\":\"fr-FR\"},{\"@type\":\"WebPage\",\"@id\":\"https:\/\/kpln.fr\/mode-et-nature\/index.php\/je-minscris\/#webpage\",\"url\":\"https:\/\/kpln.fr\/mode-et-nature\/index.php\/je-minscris\/\",\"name\":\"Formulaire d'inscription professionnel - KPLN\",\"isPartOf\":{\"@id\":\"https:\/\/kpln.fr\/mode-et-nature\/#website\"},\"datePublished\":\"2020-02-17T14:20:39+00:00\",\"dateModified\":\"2020-04-01T15:35:33+00:00\",\"breadcrumb\":{\"@id\":\"https:\/\/kpln.fr\/mode-et-nature\/index.php\/je-minscris\/#breadcrumb\"},\"inLanguage\":\"fr-FR\",\"potentialAction\":[{\"@type\":\"ReadAction\",\"target\":[\"https:\/\/kpln.fr\/mode-et-nature\/index.php\/je-minscris\/\"]}]},{\"@type\":\"BreadcrumbList\",\"@id\":\"https:\/\/kpln.fr\/mode-et-nature\/index.php\/je-minscris\/#breadcrumb\",\"itemListElement\":[{\"@type\":\"ListItem\",\"position\":1,\"name\":\"Accueil\",\"item\":\"https:\/\/kpln.fr\/mode-et-nature\/\"},{\"@type\":\"ListItem\",\"position\":2,\"name\":\"Formulaire d&rsquo;inscription professionnel\"}]}]}<\/script>\n<!-- \/ Yoast SEO plugin. -->","yoast_head_json":{"title":"Formulaire d'inscription professionnel - KPLN","robots":{"index":"index","follow":"follow","max-snippet":"max-snippet:-1","max-image-preview":"max-image-preview:large","max-video-preview":"max-video-preview:-1"},"canonical":"https:\/\/kpln.fr\/mode-et-nature\/index.php\/je-minscris\/","og_locale":"fr_FR","og_type":"article","og_title":"Formulaire d'inscription professionnel - KPLN","og_description":"Pour toute demande d&rsquo;achat professionel Inscription obligatoire pour toute demande de renseignements, consulter le catalogue de nos articles en ligne, les tarifs professionnels et passer votre commande. Renseignements obligatoires \u00e0 fournir : vos coordonn\u00e9es (Nom, adresse, mail&#8230;) Les renseignements avec un ast\u00e9risque(*) sont indispensables \u00e0 la cr\u00e9ation du compte.\u00a0Documents \u00e0 envoyer imp\u00e9rativement pour valider l\u2019ouverture de votre compte et vous permettre d\u2019acheter en ligne\u00a0: photocopies Kbis et RIB bancaire. (format word, PDF, Jpeg). Nous validerons vos informations sous un d\u00e9lai de 48h, en attendant n&rsquo;h\u00e9sitez pas \u00e0 jeter un coup d&rsquo;\u0153il sur notre collection. En cliquant sur Envoyer le formulaire d&rsquo;entreprise, vous acceptez notre politique de confidentialit\u00e9 applicable au traitement de vos donn\u00e9es personnelles. Vous avez d\u00e9j\u00e0 un compte ? Connectez-vous","og_url":"https:\/\/kpln.fr\/mode-et-nature\/index.php\/je-minscris\/","og_site_name":"KPLN","article_modified_time":"2020-04-01T15:35:33+00:00","twitter_card":"summary_large_image","twitter_misc":{"Dur\u00e9e de lecture est.":"1 minute"},"schema":{"@context":"https:\/\/schema.org","@graph":[{"@type":"WebSite","@id":"https:\/\/kpln.fr\/mode-et-nature\/#website","url":"https:\/\/kpln.fr\/mode-et-nature\/","name":"KPLN","description":"Made in France","potentialAction":[{"@type":"SearchAction","target":{"@type":"EntryPoint","urlTemplate":"https:\/\/kpln.fr\/mode-et-nature\/?s={search_term_string}"},"query-input":"required name=search_term_string"}],"inLanguage":"fr-FR"},{"@type":"WebPage","@id":"https:\/\/kpln.fr\/mode-et-nature\/index.php\/je-minscris\/#webpage","url":"https:\/\/kpln.fr\/mode-et-nature\/index.php\/je-minscris\/","name":"Formulaire d'inscription professionnel - KPLN","isPartOf":{"@id":"https:\/\/kpln.fr\/mode-et-nature\/#website"},"datePublished":"2020-02-17T14:20:39+00:00","dateModified":"2020-04-01T15:35:33+00:00","breadcrumb":{"@id":"https:\/\/kpln.fr\/mode-et-nature\/index.php\/je-minscris\/#breadcrumb"},"inLanguage":"fr-FR","potentialAction":[{"@type":"ReadAction","target":["https:\/\/kpln.fr\/mode-et-nature\/index.php\/je-minscris\/"]}]},{"@type":"BreadcrumbList","@id":"https:\/\/kpln.fr\/mode-et-nature\/index.php\/je-minscris\/#breadcrumb","itemListElement":[{"@type":"ListItem","position":1,"name":"Accueil","item":"https:\/\/kpln.fr\/mode-et-nature\/"},{"@type":"ListItem","position":2,"name":"Formulaire d&rsquo;inscription professionnel"}]}]}},"_links":{"self":[{"href":"https:\/\/kpln.fr\/mode-et-nature\/index.php\/wp-json\/wp\/v2\/pages\/678"}],"collection":[{"href":"https:\/\/kpln.fr\/mode-et-nature\/index.php\/wp-json\/wp\/v2\/pages"}],"about":[{"href":"https:\/\/kpln.fr\/mode-et-nature\/index.php\/wp-json\/wp\/v2\/types\/page"}],"author":[{"embeddable":true,"href":"https:\/\/kpln.fr\/mode-et-nature\/index.php\/wp-json\/wp\/v2\/users\/1"}],"replies":[{"embeddable":true,"href":"https:\/\/kpln.fr\/mode-et-nature\/index.php\/wp-json\/wp\/v2\/comments?post=678"}],"version-history":[{"count":27,"href":"https:\/\/kpln.fr\/mode-et-nature\/index.php\/wp-json\/wp\/v2\/pages\/678\/revisions"}],"predecessor-version":[{"id":807,"href":"https:\/\/kpln.fr\/mode-et-nature\/index.php\/wp-json\/wp\/v2\/pages\/678\/revisions\/807"}],"wp:attachment":[{"href":"https:\/\/kpln.fr\/mode-et-nature\/index.php\/wp-json\/wp\/v2\/media?parent=678"}],"curies":[{"name":"wp","href":"https:\/\/api.w.org\/{rel}","templated":true}]}}