{"id":757,"date":"2020-03-30T18:13:20","date_gmt":"2020-03-30T16:13:20","guid":{"rendered":"https:\/\/kpln.fr\/mode-et-nature\/?page_id=757"},"modified":"2021-07-08T11:54:06","modified_gmt":"2021-07-08T09:54:06","slug":"catalogue","status":"publish","type":"page","link":"https:\/\/kpln.fr\/mode-et-nature\/index.php\/catalogue\/","title":{"rendered":"Catalogue"},"content":{"rendered":"\t\t<div data-elementor-type=\"wp-page\" data-elementor-id=\"757\" class=\"elementor elementor-757\" data-elementor-settings=\"[]\">\n\t\t\t\t\t\t<div class=\"elementor-inner\">\n\t\t\t\t\t\t\t<div class=\"elementor-section-wrap\">\n\t\t\t\t\t\t\t<section class=\"elementor-section elementor-top-section elementor-element elementor-element-0da52f9 elementor-section-boxed elementor-section-height-default elementor-section-height-default\" data-id=\"0da52f9\" data-element_type=\"section\">\n\t\t\t\t\t\t<div class=\"elementor-container elementor-column-gap-default\">\n\t\t\t\t\t\t\t<div class=\"elementor-row\">\n\t\t\t\t\t<div class=\"elementor-column elementor-col-100 elementor-top-column elementor-element elementor-element-34e7e5f\" data-id=\"34e7e5f\" data-element_type=\"column\">\n\t\t\t<div class=\"elementor-column-wrap elementor-element-populated\">\n\t\t\t\t\t\t\t<div class=\"elementor-widget-wrap\">\n\t\t\t\t\t\t<div class=\"elementor-element elementor-element-8e33e16 elementor-widget elementor-widget-text-editor\" data-id=\"8e33e16\" data-element_type=\"widget\" data-widget_type=\"text-editor.default\">\n\t\t\t\t<div class=\"elementor-widget-container\">\n\t\t\t\t\t\t\t\t<div class=\"elementor-text-editor elementor-clearfix\">\n\t\t\t\t\t<p class=\"p1\"><span class=\"s1\">Pour consulter le <a href=\"https:\/\/kpln.fr\/catalogue\/sans-achat\/\"><span class=\"s2\"><strong>catalogue professionnel<\/strong><\/span><\/a> sans les tarifs aucune inscription obligatoire, aucun justificatif n\u00e9cessaire.<\/span><\/p>\t\t\t\t\t<\/div>\n\t\t\t\t\t\t<\/div>\n\t\t\t\t<\/div>\n\t\t\t\t\t\t<\/div>\n\t\t\t\t\t<\/div>\n\t\t<\/div>\n\t\t\t\t\t\t\t\t<\/div>\n\t\t\t\t\t<\/div>\n\t\t<\/section>\n\t\t\t\t<section class=\"elementor-section elementor-top-section elementor-element elementor-element-1aab77b elementor-section-boxed elementor-section-height-default elementor-section-height-default\" data-id=\"1aab77b\" data-element_type=\"section\">\n\t\t\t\t\t\t<div class=\"elementor-container elementor-column-gap-default\">\n\t\t\t\t\t\t\t<div class=\"elementor-row\">\n\t\t\t\t\t<div class=\"elementor-column elementor-col-100 elementor-top-column elementor-element elementor-element-ef66b35\" data-id=\"ef66b35\" data-element_type=\"column\">\n\t\t\t<div class=\"elementor-column-wrap elementor-element-populated\">\n\t\t\t\t\t\t\t<div class=\"elementor-widget-wrap\">\n\t\t\t\t\t\t<div class=\"elementor-element elementor-element-e1ae3b3 elementor-widget elementor-widget-image\" data-id=\"e1ae3b3\" data-element_type=\"widget\" data-widget_type=\"image.default\">\n\t\t\t\t<div class=\"elementor-widget-container\">\n\t\t\t\t\t\t\t\t<div class=\"elementor-image\">\n\t\t\t\t\t\t\t\t\t\t\t\t\t<a href=\"https:\/\/kpln.fr\/catalogue\/sans-achat\/\">\n\t\t\t\t\t\t\t<img width=\"768\" height=\"430\" src=\"https:\/\/kpln.fr\/mode-et-nature\/wp-content\/uploads\/2020\/02\/boutique-en-ligne-alt-01-768x430.jpg\" class=\"attachment-medium_large size-medium_large\" alt=\"\" loading=\"lazy\" srcset=\"https:\/\/kpln.fr\/mode-et-nature\/wp-content\/uploads\/2020\/02\/boutique-en-ligne-alt-01-768x430.jpg 768w, https:\/\/kpln.fr\/mode-et-nature\/wp-content\/uploads\/2020\/02\/boutique-en-ligne-alt-01-300x168.jpg 300w, https:\/\/kpln.fr\/mode-et-nature\/wp-content\/uploads\/2020\/02\/boutique-en-ligne-alt-01.jpg 1000w\" sizes=\"(max-width: 768px) 100vw, 768px\" \/>\t\t\t\t\t\t\t\t<\/a>\n\t\t\t\t\t\t\t\t\t\t\t\t\t\t<\/div>\n\t\t\t\t\t\t<\/div>\n\t\t\t\t<\/div>\n\t\t\t\t<div class=\"elementor-element elementor-element-8789a06 elementor-widget elementor-widget-heading\" data-id=\"8789a06\" data-element_type=\"widget\" data-widget_type=\"heading.default\">\n\t\t\t\t<div class=\"elementor-widget-container\">\n\t\t\t<h2 class=\"elementor-heading-title elementor-size-default\">Inscription obligatoire<\/h2>\t\t<\/div>\n\t\t\t\t<\/div>\n\t\t\t\t<div class=\"elementor-element elementor-element-ead0106 elementor-widget elementor-widget-text-editor\" data-id=\"ead0106\" data-element_type=\"widget\" data-widget_type=\"text-editor.default\">\n\t\t\t\t<div class=\"elementor-widget-container\">\n\t\t\t\t\t\t\t\t<div class=\"elementor-text-editor elementor-clearfix\">\n\t\t\t\t\t<p class=\"p2\"><span class=\"s1\">Pour toute demande de renseignements, consulter le catalogue de nos articles en ligne, les tarifs professionnels et passer votre commande. Renseignements obligatoires \u00e0 fournir : vos coordonn\u00e9es (Nom, adresse, \u2026)<\/span><\/p><p class=\"p2\"><span class=\"s1\">Vous avez d\u00e9j\u00e0 un compte ? <a href=\"https:\/\/kpln.fr\/catalogue\/professionnel\/connexion?back=my-account\"><span class=\"s2\"><strong>Connectez-vous<\/strong><\/span><\/a>. Je n\u2019ai pas de compte <a href=\"https:\/\/kpln.fr\/mode-et-nature\/index.php\/je-minscris\/\"><span class=\"s2\"><strong>Ouvrez un compte<\/strong><\/span><\/a><\/span><\/p>\t\t\t\t\t<\/div>\n\t\t\t\t\t\t<\/div>\n\t\t\t\t<\/div>\n\t\t\t\t<div class=\"elementor-element elementor-element-592e4f5 elementor-widget elementor-widget-text-editor\" data-id=\"592e4f5\" data-element_type=\"widget\" data-widget_type=\"text-editor.default\">\n\t\t\t\t<div class=\"elementor-widget-container\">\n\t\t\t\t\t\t\t\t<div class=\"elementor-text-editor elementor-clearfix\">\n\t\t\t\t\t<p class=\"p1\"><span class=\"s1\">Rendez-vous sous l\u2019onglet<a href=\"https:\/\/kpln.fr\/mode-et-nature\/index.php\/achat-en-ligne\/\"><strong> achat<\/strong> <strong>en ligne<\/strong><\/a> pour vous identifier et remplir la demande d\u2019activation de votre compte<\/span><\/p><p class=\"p2\"><span class=\"s1\"><b>Attention : justificatifs \u00e0 nous t\u00e9l\u00e9charger imp\u00e9rativement avant de valider votre commande.<\/b><\/span><\/p><p class=\"p1\"><span class=\"s2\">\u25a1<\/span> <span class=\"s3\"><b>Passer commande<\/b><\/span><span class=\"s1\"> (extrait Kbis, RIB bancaire)<\/span><\/p>\t\t\t\t\t<\/div>\n\t\t\t\t\t\t<\/div>\n\t\t\t\t<\/div>\n\t\t\t\t\t\t<\/div>\n\t\t\t\t\t<\/div>\n\t\t<\/div>\n\t\t\t\t\t\t\t\t<\/div>\n\t\t\t\t\t<\/div>\n\t\t<\/section>\n\t\t\t\t\t\t<\/div>\n\t\t\t\t\t\t<\/div>\n\t\t\t\t\t<\/div>\n\t\t","protected":false},"excerpt":{"rendered":"<p>Pour consulter le catalogue professionnel sans les tarifs aucune inscription obligatoire, aucun justificatif n\u00e9cessaire. Inscription obligatoire Pour toute demande de renseignements, consulter le catalogue de nos articles en ligne, les tarifs professionnels et passer votre commande. Renseignements obligatoires \u00e0 fournir : vos coordonn\u00e9es (Nom, adresse, \u2026) Vous avez d\u00e9j\u00e0 un compte ? Connectez-vous. Je n\u2019ai pas de compte Ouvrez un compte Rendez-vous sous l\u2019onglet achat en ligne pour vous identifier et remplir la demande d\u2019activation de votre compte Attention : justificatifs \u00e0 nous t\u00e9l\u00e9charger imp\u00e9rativement avant de valider votre commande. \u25a1 Passer commande (extrait Kbis, RIB bancaire)<\/p>\n","protected":false},"author":1,"featured_media":0,"parent":0,"menu_order":0,"comment_status":"closed","ping_status":"closed","template":"","meta":{"_monsterinsights_skip_tracking":false,"_monsterinsights_sitenote_active":false,"_monsterinsights_sitenote_note":"","_monsterinsights_sitenote_category":0},"yoast_head":"<!-- This site is optimized with the Yoast SEO plugin v17.0 - https:\/\/yoast.com\/wordpress\/plugins\/seo\/ -->\n<title>Catalogue - KPLN<\/title>\n<meta name=\"robots\" content=\"index, follow, max-snippet:-1, max-image-preview:large, max-video-preview:-1\" \/>\n<link rel=\"canonical\" href=\"https:\/\/kpln.fr\/mode-et-nature\/index.php\/catalogue\/\" \/>\n<meta property=\"og:locale\" content=\"fr_FR\" \/>\n<meta property=\"og:type\" content=\"article\" \/>\n<meta property=\"og:title\" content=\"Catalogue - KPLN\" \/>\n<meta property=\"og:description\" content=\"Pour consulter le catalogue professionnel sans les tarifs aucune inscription obligatoire, aucun justificatif n\u00e9cessaire. Inscription obligatoire Pour toute demande de renseignements, consulter le catalogue de nos articles en ligne, les tarifs professionnels et passer votre commande. Renseignements obligatoires \u00e0 fournir : vos coordonn\u00e9es (Nom, adresse, \u2026) Vous avez d\u00e9j\u00e0 un compte ? Connectez-vous. Je n\u2019ai pas de compte Ouvrez un compte Rendez-vous sous l\u2019onglet achat en ligne pour vous identifier et remplir la demande d\u2019activation de votre compte Attention : justificatifs \u00e0 nous t\u00e9l\u00e9charger imp\u00e9rativement avant de valider votre commande. \u25a1 Passer commande (extrait Kbis, RIB bancaire)\" \/>\n<meta property=\"og:url\" content=\"https:\/\/kpln.fr\/mode-et-nature\/index.php\/catalogue\/\" \/>\n<meta property=\"og:site_name\" content=\"KPLN\" \/>\n<meta property=\"article:modified_time\" content=\"2021-07-08T09:54:06+00:00\" \/>\n<meta property=\"og:image\" content=\"https:\/\/kpln.fr\/mode-et-nature\/wp-content\/uploads\/2020\/02\/boutique-en-ligne-alt-01-768x430.jpg\" \/>\n<meta name=\"twitter:card\" content=\"summary_large_image\" \/>\n<script type=\"application\/ld+json\" class=\"yoast-schema-graph\">{\"@context\":\"https:\/\/schema.org\",\"@graph\":[{\"@type\":\"WebSite\",\"@id\":\"https:\/\/kpln.fr\/mode-et-nature\/#website\",\"url\":\"https:\/\/kpln.fr\/mode-et-nature\/\",\"name\":\"KPLN\",\"description\":\"Made in France\",\"potentialAction\":[{\"@type\":\"SearchAction\",\"target\":{\"@type\":\"EntryPoint\",\"urlTemplate\":\"https:\/\/kpln.fr\/mode-et-nature\/?s={search_term_string}\"},\"query-input\":\"required name=search_term_string\"}],\"inLanguage\":\"fr-FR\"},{\"@type\":\"ImageObject\",\"@id\":\"https:\/\/kpln.fr\/mode-et-nature\/index.php\/catalogue\/#primaryimage\",\"inLanguage\":\"fr-FR\",\"url\":\"https:\/\/kpln.fr\/mode-et-nature\/wp-content\/uploads\/2020\/02\/boutique-en-ligne-alt-01.jpg\",\"contentUrl\":\"https:\/\/kpln.fr\/mode-et-nature\/wp-content\/uploads\/2020\/02\/boutique-en-ligne-alt-01.jpg\",\"width\":1000,\"height\":560},{\"@type\":\"WebPage\",\"@id\":\"https:\/\/kpln.fr\/mode-et-nature\/index.php\/catalogue\/#webpage\",\"url\":\"https:\/\/kpln.fr\/mode-et-nature\/index.php\/catalogue\/\",\"name\":\"Catalogue - KPLN\",\"isPartOf\":{\"@id\":\"https:\/\/kpln.fr\/mode-et-nature\/#website\"},\"primaryImageOfPage\":{\"@id\":\"https:\/\/kpln.fr\/mode-et-nature\/index.php\/catalogue\/#primaryimage\"},\"datePublished\":\"2020-03-30T16:13:20+00:00\",\"dateModified\":\"2021-07-08T09:54:06+00:00\",\"breadcrumb\":{\"@id\":\"https:\/\/kpln.fr\/mode-et-nature\/index.php\/catalogue\/#breadcrumb\"},\"inLanguage\":\"fr-FR\",\"potentialAction\":[{\"@type\":\"ReadAction\",\"target\":[\"https:\/\/kpln.fr\/mode-et-nature\/index.php\/catalogue\/\"]}]},{\"@type\":\"BreadcrumbList\",\"@id\":\"https:\/\/kpln.fr\/mode-et-nature\/index.php\/catalogue\/#breadcrumb\",\"itemListElement\":[{\"@type\":\"ListItem\",\"position\":1,\"name\":\"Accueil\",\"item\":\"https:\/\/kpln.fr\/mode-et-nature\/\"},{\"@type\":\"ListItem\",\"position\":2,\"name\":\"Catalogue\"}]}]}<\/script>\n<!-- \/ Yoast SEO plugin. -->","yoast_head_json":{"title":"Catalogue - KPLN","robots":{"index":"index","follow":"follow","max-snippet":"max-snippet:-1","max-image-preview":"max-image-preview:large","max-video-preview":"max-video-preview:-1"},"canonical":"https:\/\/kpln.fr\/mode-et-nature\/index.php\/catalogue\/","og_locale":"fr_FR","og_type":"article","og_title":"Catalogue - KPLN","og_description":"Pour consulter le catalogue professionnel sans les tarifs aucune inscription obligatoire, aucun justificatif n\u00e9cessaire. Inscription obligatoire Pour toute demande de renseignements, consulter le catalogue de nos articles en ligne, les tarifs professionnels et passer votre commande. Renseignements obligatoires \u00e0 fournir : vos coordonn\u00e9es (Nom, adresse, \u2026) Vous avez d\u00e9j\u00e0 un compte ? Connectez-vous. Je n\u2019ai pas de compte Ouvrez un compte Rendez-vous sous l\u2019onglet achat en ligne pour vous identifier et remplir la demande d\u2019activation de votre compte Attention : justificatifs \u00e0 nous t\u00e9l\u00e9charger imp\u00e9rativement avant de valider votre commande. \u25a1 Passer commande (extrait Kbis, RIB bancaire)","og_url":"https:\/\/kpln.fr\/mode-et-nature\/index.php\/catalogue\/","og_site_name":"KPLN","article_modified_time":"2021-07-08T09:54:06+00:00","og_image":[{"url":"https:\/\/kpln.fr\/mode-et-nature\/wp-content\/uploads\/2020\/02\/boutique-en-ligne-alt-01-768x430.jpg"}],"twitter_card":"summary_large_image","schema":{"@context":"https:\/\/schema.org","@graph":[{"@type":"WebSite","@id":"https:\/\/kpln.fr\/mode-et-nature\/#website","url":"https:\/\/kpln.fr\/mode-et-nature\/","name":"KPLN","description":"Made in France","potentialAction":[{"@type":"SearchAction","target":{"@type":"EntryPoint","urlTemplate":"https:\/\/kpln.fr\/mode-et-nature\/?s={search_term_string}"},"query-input":"required name=search_term_string"}],"inLanguage":"fr-FR"},{"@type":"ImageObject","@id":"https:\/\/kpln.fr\/mode-et-nature\/index.php\/catalogue\/#primaryimage","inLanguage":"fr-FR","url":"https:\/\/kpln.fr\/mode-et-nature\/wp-content\/uploads\/2020\/02\/boutique-en-ligne-alt-01.jpg","contentUrl":"https:\/\/kpln.fr\/mode-et-nature\/wp-content\/uploads\/2020\/02\/boutique-en-ligne-alt-01.jpg","width":1000,"height":560},{"@type":"WebPage","@id":"https:\/\/kpln.fr\/mode-et-nature\/index.php\/catalogue\/#webpage","url":"https:\/\/kpln.fr\/mode-et-nature\/index.php\/catalogue\/","name":"Catalogue - KPLN","isPartOf":{"@id":"https:\/\/kpln.fr\/mode-et-nature\/#website"},"primaryImageOfPage":{"@id":"https:\/\/kpln.fr\/mode-et-nature\/index.php\/catalogue\/#primaryimage"},"datePublished":"2020-03-30T16:13:20+00:00","dateModified":"2021-07-08T09:54:06+00:00","breadcrumb":{"@id":"https:\/\/kpln.fr\/mode-et-nature\/index.php\/catalogue\/#breadcrumb"},"inLanguage":"fr-FR","potentialAction":[{"@type":"ReadAction","target":["https:\/\/kpln.fr\/mode-et-nature\/index.php\/catalogue\/"]}]},{"@type":"BreadcrumbList","@id":"https:\/\/kpln.fr\/mode-et-nature\/index.php\/catalogue\/#breadcrumb","itemListElement":[{"@type":"ListItem","position":1,"name":"Accueil","item":"https:\/\/kpln.fr\/mode-et-nature\/"},{"@type":"ListItem","position":2,"name":"Catalogue"}]}]}},"_links":{"self":[{"href":"https:\/\/kpln.fr\/mode-et-nature\/index.php\/wp-json\/wp\/v2\/pages\/757"}],"collection":[{"href":"https:\/\/kpln.fr\/mode-et-nature\/index.php\/wp-json\/wp\/v2\/pages"}],"about":[{"href":"https:\/\/kpln.fr\/mode-et-nature\/index.php\/wp-json\/wp\/v2\/types\/page"}],"author":[{"embeddable":true,"href":"https:\/\/kpln.fr\/mode-et-nature\/index.php\/wp-json\/wp\/v2\/users\/1"}],"replies":[{"embeddable":true,"href":"https:\/\/kpln.fr\/mode-et-nature\/index.php\/wp-json\/wp\/v2\/comments?post=757"}],"version-history":[{"count":15,"href":"https:\/\/kpln.fr\/mode-et-nature\/index.php\/wp-json\/wp\/v2\/pages\/757\/revisions"}],"predecessor-version":[{"id":1225,"href":"https:\/\/kpln.fr\/mode-et-nature\/index.php\/wp-json\/wp\/v2\/pages\/757\/revisions\/1225"}],"wp:attachment":[{"href":"https:\/\/kpln.fr\/mode-et-nature\/index.php\/wp-json\/wp\/v2\/media?parent=757"}],"curies":[{"name":"wp","href":"https:\/\/api.w.org\/{rel}","templated":true}]}}